{"id":38,"date":"2014-11-06T16:34:13","date_gmt":"2014-11-06T15:34:13","guid":{"rendered":"http:\/\/deklauwverzorger.nl\/?page_id=38"},"modified":"2014-11-07T17:57:31","modified_gmt":"2014-11-07T16:57:31","slug":"pareur-donglons","status":"publish","type":"page","link":"https:\/\/deklauwverzorger.nl\/?page_id=38","title":{"rendered":"Pareur d&#8217;onglons"},"content":{"rendered":"<p>[rev_slider slider]<\/p>\n<p>&nbsp;<\/p>\n<p>Le pareur d&#8217;onglons <strong>Frank van Lierop<\/strong> est une entreprise fiable sp\u00e9cialis\u00e9e en parage des pieds des vaches. Vos bovins seront par\u00e9s dans une cage de parage ne pr\u00e9sentant aucun danger pour l&#8217;animal. Il est important de (faire) proc\u00e9der \u00e0 un parage pr\u00e9ventif de vos bovins deux fois par an. Cela est dans l&#8217;int\u00e9r\u00eat du bien-\u00eatre de vos animaux, mais \u00e9galement de la durabilit\u00e9, et \u00e0 terme, de l&#8217;\u00e9conomie de co\u00fbt et de la joie au travail. Les probl\u00e8mes d&#8217;onglons peuvent entra\u00eener d&#8217;importants frais pour une exploitation laiti\u00e8re et sont \u00e9galement la cause principale d&#8217;un retrait pr\u00e9matur\u00e9 des animaux.<\/p>\n<p>C&#8217;est avec plaisir que nous fixons un rendez-vous avec vous, sans engagement de votre part, pour le traitement de vos bovins, pour un conseil ou pour une premi\u00e8re rencontre. Pour des cas d&#8217;urgence, n&#8217;h\u00e9sitez pas \u00e0 prendre contact avec nous. Apr\u00e8s le traitement de tous les bovins, tout est nettoy\u00e9 et profond\u00e9ment d\u00e9sinfect\u00e9. Apr\u00e8s chaque traitement, nous proc\u00e9dons \u00e0 une \u00e9valuation et donnons des recommandations quant \u00e0 la sant\u00e9 des onglons de vos bovins. Si vous le souhaitez, il est possible de prendre un nouveau rendez-vous pour le traitement suivant. Ainsi, vous \u00eates certain de la continuit\u00e9 et d&#8217;une base de d\u00e9part pour de bons r\u00e9sultats d\u2019exploitation et pour une activit\u00e9 d&#8217;\u00e9conomie durable.<\/p>\n<p>En d\u00e9pit des mesures que vous prenez durant l&#8217;hiver pour pr\u00e9server la sant\u00e9 des pieds de vos vaches, il s&#8217;av\u00e8re que le nombre d&#8217;infections a consid\u00e9rablement augment\u00e9 au cours des dix derni\u00e8res ann\u00e9es. L&#8217;objectif de <strong>Frank van Lierop<\/strong> De Klauwverzorger [<strong>Pareur d&#8217;onglons<\/strong>] est de r\u00e9duire vos frais v\u00e9t\u00e9rinaires sur votre \u00ab fonds de roulement \u00bb jusqu&#8217;\u00e0 30%, d&#8217;am\u00e9liorer le bien-\u00eatre des animaux et de faire accro\u00eetre la production laiti\u00e8re \/votre chiffre d&#8217;affaires.<\/p>\n<p>C&#8217;est la raison pour laquelle il est essentiel de faire soigner les onglons par un pareur reconnu. En proc\u00e9dant de mani\u00e8re ad\u00e9quate, vous serez gagnant quant \u00e0 la sant\u00e9 des pieds de vos animaux. En programmant un parage des pieds de vos laiti\u00e8res, au moins deux fois par an, vous pouvez obtenir un avantage financier jusqu&#8217;\u00e0 30% sur vos frais d&#8217;exploitation.<\/p>\n<p>Pour un devis\/conseil sans engagement de votre part, n&#8217;h\u00e9sitez pas \u00e0 me <a href=\"http:\/\/deklauwverzorger.nl\/index.php\/contact\" target=\"_self\">contacter<\/a>\u00a0!<\/p>\n","protected":false},"excerpt":{"rendered":"<p>[rev_slider slider] &nbsp; Le pareur d&#8217;onglons Frank van Lierop est une entreprise fiable sp\u00e9cialis\u00e9e en parage des pieds des vaches. Vos bovins seront par\u00e9s dans [&hellip;]<\/p>\n","protected":false},"author":1,"featured_media":20,"parent":0,"menu_order":0,"comment_status":"closed","ping_status":"closed","template":"","meta":{"footnotes":""},"class_list":["post-38","page","type-page","status-publish","has-post-thumbnail","hentry"],"_links":{"self":[{"href":"https:\/\/deklauwverzorger.nl\/index.php?rest_route=\/wp\/v2\/pages\/38","targetHints":{"allow":["GET"]}}],"collection":[{"href":"https:\/\/deklauwverzorger.nl\/index.php?rest_route=\/wp\/v2\/pages"}],"about":[{"href":"https:\/\/deklauwverzorger.nl\/index.php?rest_route=\/wp\/v2\/types\/page"}],"author":[{"embeddable":true,"href":"https:\/\/deklauwverzorger.nl\/index.php?rest_route=\/wp\/v2\/users\/1"}],"replies":[{"embeddable":true,"href":"https:\/\/deklauwverzorger.nl\/index.php?rest_route=%2Fwp%2Fv2%2Fcomments&post=38"}],"version-history":[{"count":3,"href":"https:\/\/deklauwverzorger.nl\/index.php?rest_route=\/wp\/v2\/pages\/38\/revisions"}],"predecessor-version":[{"id":140,"href":"https:\/\/deklauwverzorger.nl\/index.php?rest_route=\/wp\/v2\/pages\/38\/revisions\/140"}],"wp:featuredmedia":[{"embeddable":true,"href":"https:\/\/deklauwverzorger.nl\/index.php?rest_route=\/wp\/v2\/media\/20"}],"wp:attachment":[{"href":"https:\/\/deklauwverzorger.nl\/index.php?rest_route=%2Fwp%2Fv2%2Fmedia&parent=38"}],"curies":[{"name":"wp","href":"https:\/\/api.w.org\/{rel}","templated":true}]}}